{"id":67,"date":"2016-10-12T19:24:31","date_gmt":"2016-10-12T22:24:31","guid":{"rendered":"http:\/\/taperuaba.com.br\/radio\/?page_id=67"},"modified":"2016-10-12T19:29:47","modified_gmt":"2016-10-12T22:29:47","slug":"contato","status":"publish","type":"page","link":"https:\/\/taperuaba.com.br\/radio\/contato\/","title":{"rendered":"Contato"},"content":{"rendered":"<div class=\"f30240300a1e23f3396ea7c704d62507\" data-index=\"1\" style=\"float: none; margin:10px 0 10px 0; text-align:center;\">\n<li><strong>PUBLICIDADE - ANJINHO FELIZ<\/strong><\/li>\r\n<\/ul>\r\n<a href=\"http:\/\/taperuaba.com.br\/wp-content\/uploads\/2016\/10\/anjinho-feliz.jpg\" rel=\"lightbox[67]\"><img decoding=\"async\" loading=\"lazy\" class=\"aligncenter size-full wp-image-804\" src=\"http:\/\/taperuaba.com.br\/wp-content\/uploads\/2016\/10\/anjinho-feliz.jpg\" alt=\"Anjinho Feliz\" width=\"1140\" height=\"460\" \/><\/a>\r\n\r\n<strong>Anjinho Feliz<\/strong> \u00e9 uma empresa genuinamente taperuabense. J\u00e1 se sabe que Taperuaba \u00e9 a capital nacional do bordado, mas a empresa <strong>Anjinho Feliz<\/strong> conseguiu fazer ainda mais. Seus produtos hoje s\u00e3o refer\u00eancia em todo territ\u00f3rio brasileiro e at\u00e9 no exterior. M\u00e3o de obra qualificada, equipamentos de \u00faltima gera\u00e7\u00e3o e uma equipe pr\u00e9 e p\u00f3s vendas com os profissionais que entendem do assunto. Voc\u00ea que tem sua loja, com\u00e9rcio especializado na venda de moda infantil e infanto juvenil <strong>Anjinho Feliz<\/strong> vai agregar valores de vendas ao seu neg\u00f3cio. Seja representante da <strong>Anjinho Feliz<\/strong> na sua cidade, contato (88) 3613-6437 falar com Rosangela e Rochelama.\r\n<ul>\r\n\r\n\r\n<li><strong>PUBLICIDADE - PONTO DA MASSA<\/strong><\/li>\r\n<\/ul>\r\n<a href=\"http:\/\/taperuaba.com.br\/wp-content\/uploads\/2016\/10\/ponto-da-massa.jpg\" rel=\"lightbox[67]\"><img decoding=\"async\" loading=\"lazy\" class=\"aligncenter size-full wp-image-800\" src=\"http:\/\/taperuaba.com.br\/wp-content\/uploads\/2016\/10\/ponto-da-massa.jpg\" alt=\"Ponto da massa\" width=\"1140\" height=\"460\" \/><\/a>\r\n\r\n<strong>Ponto da Massa<\/strong> re\u00fane os melhores lanches e salgados de Taperuaba. O card\u00e1pio \u00e9 completo, caldo de mocot\u00f3, canja de galinha, vitaminas, frango assado, o melhor a\u00e7a\u00ed do brasil e pizza de diversos sabores A equipe \u00e9 completa e competente. <strong>Ponto da Massa<\/strong> aceita a encomenda da sua festa, seja de casamento ou anivers\u00e1rio. Luiz e fam\u00edlia tem larga experi\u00eancia no ramo de massas, aprenderam quando tiveram a oportunidade de trabalharem nos maiores centros comerciais do brasil, Rio e S\u00e3o Paulo. Contato (88) 3613-5261 e 3613-6108\r\n<ul>\n<\/div>\n\n<div class=\"wpcf7 no-js\" id=\"wpcf7-f70-o1\" lang=\"pt-BR\" dir=\"ltr\" data-wpcf7-id=\"70\">\n<div class=\"screen-reader-response\"><p role=\"status\" aria-live=\"polite\" aria-atomic=\"true\"><\/p> <ul><\/ul><\/div>\n<form action=\"\/radio\/wp-json\/wp\/v2\/pages\/67#wpcf7-f70-o1\" method=\"post\" class=\"wpcf7-form init\" aria-label=\"Formul\u00e1rios de contato\" novalidate=\"novalidate\" data-status=\"init\">\n<fieldset class=\"hidden-fields-container\"><input type=\"hidden\" name=\"_wpcf7\" value=\"70\" \/><input type=\"hidden\" name=\"_wpcf7_version\" value=\"6.1.5\" \/><input type=\"hidden\" name=\"_wpcf7_locale\" value=\"pt_BR\" \/><input type=\"hidden\" name=\"_wpcf7_unit_tag\" value=\"wpcf7-f70-o1\" \/><input type=\"hidden\" name=\"_wpcf7_container_post\" value=\"0\" \/><input type=\"hidden\" name=\"_wpcf7_posted_data_hash\" value=\"\" \/>\n<\/fieldset>\n<p><label> Seu nome (obrigat\u00f3rio)<br \/>\n<span class=\"wpcf7-form-control-wrap\" data-name=\"your-name\"><input size=\"40\" maxlength=\"400\" class=\"wpcf7-form-control wpcf7-text wpcf7-validates-as-required\" aria-required=\"true\" aria-invalid=\"false\" value=\"\" type=\"text\" name=\"your-name\" \/><\/span> <\/label>\n<\/p>\n<p><label> Seu e-mail (obrigat\u00f3rio)<br \/>\n<span class=\"wpcf7-form-control-wrap\" data-name=\"your-email\"><input size=\"40\" maxlength=\"400\" class=\"wpcf7-form-control wpcf7-email wpcf7-validates-as-required wpcf7-text wpcf7-validates-as-email\" aria-required=\"true\" aria-invalid=\"false\" value=\"\" type=\"email\" name=\"your-email\" \/><\/span> <\/label>\n<\/p>\n<p><label> Assunto<br \/>\n<span class=\"wpcf7-form-control-wrap\" data-name=\"your-subject\"><input size=\"40\" maxlength=\"400\" class=\"wpcf7-form-control wpcf7-text\" aria-invalid=\"false\" value=\"\" type=\"text\" name=\"your-subject\" \/><\/span> <\/label>\n<\/p>\n<p><label> Sua mensagem<br \/>\n<span class=\"wpcf7-form-control-wrap\" data-name=\"your-message\"><textarea cols=\"40\" rows=\"10\" maxlength=\"2000\" class=\"wpcf7-form-control wpcf7-textarea\" aria-invalid=\"false\" name=\"your-message\"><\/textarea><\/span> <\/label>\n<\/p>\n<p><input class=\"wpcf7-form-control wpcf7-submit has-spinner\" type=\"submit\" value=\"Enviar\" \/>\n<\/p><div class=\"wpcf7-response-output\" aria-hidden=\"true\"><\/div>\n<\/form>\n<\/div>\n\n<!--CusAds0-->\n<div style=\"font-size: 0px; height: 0px; line-height: 0px; margin: 0; padding: 0; clear: both;\"><\/div>","protected":false},"excerpt":{"rendered":"","protected":false},"author":1,"featured_media":0,"parent":0,"menu_order":0,"comment_status":"closed","ping_status":"closed","template":"","meta":{"colormag_page_container_layout":"default_layout","colormag_page_sidebar_layout":"default_layout","nf_dc_page":"","om_disable_all_campaigns":false,"footnotes":""},"class_list":["post-67","page","type-page","status-publish","hentry"],"_links":{"self":[{"href":"https:\/\/taperuaba.com.br\/radio\/wp-json\/wp\/v2\/pages\/67","targetHints":{"allow":["GET"]}}],"collection":[{"href":"https:\/\/taperuaba.com.br\/radio\/wp-json\/wp\/v2\/pages"}],"about":[{"href":"https:\/\/taperuaba.com.br\/radio\/wp-json\/wp\/v2\/types\/page"}],"author":[{"embeddable":true,"href":"https:\/\/taperuaba.com.br\/radio\/wp-json\/wp\/v2\/users\/1"}],"replies":[{"embeddable":true,"href":"https:\/\/taperuaba.com.br\/radio\/wp-json\/wp\/v2\/comments?post=67"}],"version-history":[{"count":2,"href":"https:\/\/taperuaba.com.br\/radio\/wp-json\/wp\/v2\/pages\/67\/revisions"}],"predecessor-version":[{"id":71,"href":"https:\/\/taperuaba.com.br\/radio\/wp-json\/wp\/v2\/pages\/67\/revisions\/71"}],"wp:attachment":[{"href":"https:\/\/taperuaba.com.br\/radio\/wp-json\/wp\/v2\/media?parent=67"}],"curies":[{"name":"wp","href":"https:\/\/api.w.org\/{rel}","templated":true}]}}