{"id":25,"date":"2016-10-12T17:27:15","date_gmt":"2016-10-12T20:27:15","guid":{"rendered":"http:\/\/taperuaba.com.br\/radio\/?page_id=25"},"modified":"2016-10-12T17:27:15","modified_gmt":"2016-10-12T20:27:15","slug":"programacao","status":"publish","type":"page","link":"https:\/\/taperuaba.com.br\/radio\/programacao\/","title":{"rendered":"Programa\u00e7\u00e3o"},"content":{"rendered":"<div class=\"f30240300a1e23f3396ea7c704d62507\" data-index=\"1\" style=\"float: none; margin:10px 0 10px 0; text-align:center;\">\n<li><strong>PUBLICIDADE - ANJINHO FELIZ<\/strong><\/li>\r\n<\/ul>\r\n<a href=\"http:\/\/taperuaba.com.br\/wp-content\/uploads\/2016\/10\/anjinho-feliz.jpg\" rel=\"lightbox[25]\"><img decoding=\"async\" loading=\"lazy\" class=\"aligncenter size-full wp-image-804\" src=\"http:\/\/taperuaba.com.br\/wp-content\/uploads\/2016\/10\/anjinho-feliz.jpg\" alt=\"Anjinho Feliz\" width=\"1140\" height=\"460\" \/><\/a>\r\n\r\n<strong>Anjinho Feliz<\/strong> \u00e9 uma empresa genuinamente taperuabense. J\u00e1 se sabe que Taperuaba \u00e9 a capital nacional do bordado, mas a empresa <strong>Anjinho Feliz<\/strong> conseguiu fazer ainda mais. Seus produtos hoje s\u00e3o refer\u00eancia em todo territ\u00f3rio brasileiro e at\u00e9 no exterior. M\u00e3o de obra qualificada, equipamentos de \u00faltima gera\u00e7\u00e3o e uma equipe pr\u00e9 e p\u00f3s vendas com os profissionais que entendem do assunto. Voc\u00ea que tem sua loja, com\u00e9rcio especializado na venda de moda infantil e infanto juvenil <strong>Anjinho Feliz<\/strong> vai agregar valores de vendas ao seu neg\u00f3cio. Seja representante da <strong>Anjinho Feliz<\/strong> na sua cidade, contato (88) 3613-6437 falar com Rosangela e Rochelama.\r\n<ul>\r\n\r\n\r\n<li><strong>PUBLICIDADE - PONTO DA MASSA<\/strong><\/li>\r\n<\/ul>\r\n<a href=\"http:\/\/taperuaba.com.br\/wp-content\/uploads\/2016\/10\/ponto-da-massa.jpg\" rel=\"lightbox[25]\"><img decoding=\"async\" loading=\"lazy\" class=\"aligncenter size-full wp-image-800\" src=\"http:\/\/taperuaba.com.br\/wp-content\/uploads\/2016\/10\/ponto-da-massa.jpg\" alt=\"Ponto da massa\" width=\"1140\" height=\"460\" \/><\/a>\r\n\r\n<strong>Ponto da Massa<\/strong> re\u00fane os melhores lanches e salgados de Taperuaba. O card\u00e1pio \u00e9 completo, caldo de mocot\u00f3, canja de galinha, vitaminas, frango assado, o melhor a\u00e7a\u00ed do brasil e pizza de diversos sabores A equipe \u00e9 completa e competente. <strong>Ponto da Massa<\/strong> aceita a encomenda da sua festa, seja de casamento ou anivers\u00e1rio. Luiz e fam\u00edlia tem larga experi\u00eancia no ramo de massas, aprenderam quando tiveram a oportunidade de trabalharem nos maiores centros comerciais do brasil, Rio e S\u00e3o Paulo. Contato (88) 3613-5261 e 3613-6108\r\n<ul>\n<\/div>\n<!--CusAds0-->\n<div style=\"font-size: 0px; height: 0px; line-height: 0px; margin: 0; padding: 0; clear: both;\"><\/div>","protected":false},"excerpt":{"rendered":"","protected":false},"author":1,"featured_media":0,"parent":0,"menu_order":0,"comment_status":"closed","ping_status":"closed","template":"","meta":{"colormag_page_container_layout":"default_layout","colormag_page_sidebar_layout":"default_layout","nf_dc_page":"","om_disable_all_campaigns":false,"footnotes":""},"class_list":["post-25","page","type-page","status-publish","hentry"],"_links":{"self":[{"href":"https:\/\/taperuaba.com.br\/radio\/wp-json\/wp\/v2\/pages\/25","targetHints":{"allow":["GET"]}}],"collection":[{"href":"https:\/\/taperuaba.com.br\/radio\/wp-json\/wp\/v2\/pages"}],"about":[{"href":"https:\/\/taperuaba.com.br\/radio\/wp-json\/wp\/v2\/types\/page"}],"author":[{"embeddable":true,"href":"https:\/\/taperuaba.com.br\/radio\/wp-json\/wp\/v2\/users\/1"}],"replies":[{"embeddable":true,"href":"https:\/\/taperuaba.com.br\/radio\/wp-json\/wp\/v2\/comments?post=25"}],"version-history":[{"count":1,"href":"https:\/\/taperuaba.com.br\/radio\/wp-json\/wp\/v2\/pages\/25\/revisions"}],"predecessor-version":[{"id":27,"href":"https:\/\/taperuaba.com.br\/radio\/wp-json\/wp\/v2\/pages\/25\/revisions\/27"}],"wp:attachment":[{"href":"https:\/\/taperuaba.com.br\/radio\/wp-json\/wp\/v2\/media?parent=25"}],"curies":[{"name":"wp","href":"https:\/\/api.w.org\/{rel}","templated":true}]}}